{"id":19,"date":"2021-03-02T08:55:23","date_gmt":"2021-03-02T08:55:23","guid":{"rendered":"https:\/\/kleinfilmfestival.com\/home\/"},"modified":"2025-10-02T11:30:01","modified_gmt":"2025-10-02T11:30:01","slug":"home","status":"publish","type":"page","link":"https:\/\/kleinfilmfestival.com\/en\/home\/","title":{"rendered":"Home"},"content":{"rendered":"<h1><a href=\"https:\/\/kleinfilmfestival.com\/wp-content\/uploads\/2022\/04\/Video-za-pocetnu-stranu-1.mp4\">KLEIN FILM FESTIVAL<\/a><\/h1>\n<p><a role=\"button\" href=\"#bio\"><br \/>Scroll Down<br \/><\/a><\/p>\n<h5>Festival kratkog filma<\/h5>\n<h2>Jedinstven filmsko-glazbeni festival<\/h2>\n<p><strong>Klein<\/strong> <strong>film festival<\/strong> zami\u0161ljen je kao me\u0111unarodni festival kratkometra\u017enog igranog, dokumentarnog i animiranog filma, trajanja do 25. minuta. Festival predstavlja <em>hommage<\/em> Hugu Kleinu, kazali\u0161nom profesoru, teoreti\u010daru i psihijatru, ro\u0111enom u Vukovaru. Festival se sastoji od dva dijela: natjecateljskog programa koji bi \u010dinili filmovi producirani u prethodne dvije godine nevezano za kategoriju iz koje dolaze (animirani, dokumentarni, igrani), kao i prate\u0107eg filmskog programa koji bi \u010dinili reprezentativni filmovi\u00a0 nastali u ranijem razdoblju. \u00a0<\/p>\n<p>Ukupno, filmski program festivala sadr\u017eao bi 17. natjecateljskih, kao i 20. filmova popratnog programa.<\/p>\n<h2>2025.\u00a0<\/h2>\n<p>FESTIVAL SE ODR\u017dAVA OD 17-19. LISTOPADA<\/p>\n<p>\u00a0<\/p>\n<p><a role=\"button\" href=\"#\">Read More<br \/><\/a><\/p>\n<h2>2022.<\/h2>\n<h5>osnivanje<\/h5>\n<p><u>Festival traje tri dana:<\/u><\/p>\n<p><u>od <strong>01. 07.<\/strong> do <strong>03. 07.<\/strong> <strong>2022<\/strong>. godine.<\/u><\/p>\n<h5>\u00a0<\/h5>\n<h2>Filmovi &#8211; revijalni, natjecateljski, radionice \/ Glazba<\/h2>\n<p>\u00a0<\/p>\n<p>Kleinova ku\u0107a u Vukovaru<img loading=\"lazy\" decoding=\"async\" src=\"https:\/\/kleinfilmfestival.com\/wp-content\/uploads\/2022\/04\/FOTKA-STARA.jpg\" alt=\"\" width=\"883\" height=\"1102\" \/><\/p>\n<p>\u00a0<\/p>\n\n\n<p><\/p>","protected":false},"excerpt":{"rendered":"<p>KLEIN FILM FESTIVAL Scroll Down Festival kratkog filma Jedinstven filmsko-glazbeni festival Klein film festival zami\u0161ljen je kao me\u0111unarodni festival kratkometra\u017enog igranog, dokumentarnog i animiranog filma, trajanja do 25. minuta. Festival predstavlja hommage Hugu Kleinu, kazali\u0161nom profesoru, teoreti\u010daru i psihijatru, ro\u0111enom u Vukovaru. Festival se sastoji od dva dijela: natjecateljskog programa koji bi \u010dinili filmovi producirani [&hellip;]<\/p>","protected":false},"author":1,"featured_media":0,"parent":0,"menu_order":0,"comment_status":"closed","ping_status":"closed","template":"","meta":{"_acf_changed":false,"footnotes":""},"class_list":["post-19","page","type-page","status-publish","hentry"],"acf":[],"_links":{"self":[{"href":"https:\/\/kleinfilmfestival.com\/en\/wp-json\/wp\/v2\/pages\/19","targetHints":{"allow":["GET"]}}],"collection":[{"href":"https:\/\/kleinfilmfestival.com\/en\/wp-json\/wp\/v2\/pages"}],"about":[{"href":"https:\/\/kleinfilmfestival.com\/en\/wp-json\/wp\/v2\/types\/page"}],"author":[{"embeddable":true,"href":"https:\/\/kleinfilmfestival.com\/en\/wp-json\/wp\/v2\/users\/1"}],"replies":[{"embeddable":true,"href":"https:\/\/kleinfilmfestival.com\/en\/wp-json\/wp\/v2\/comments?post=19"}],"version-history":[{"count":32,"href":"https:\/\/kleinfilmfestival.com\/en\/wp-json\/wp\/v2\/pages\/19\/revisions"}],"predecessor-version":[{"id":1109,"href":"https:\/\/kleinfilmfestival.com\/en\/wp-json\/wp\/v2\/pages\/19\/revisions\/1109"}],"wp:attachment":[{"href":"https:\/\/kleinfilmfestival.com\/en\/wp-json\/wp\/v2\/media?parent=19"}],"curies":[{"name":"wp","href":"https:\/\/api.w.org\/{rel}","templated":true}]}}