{"id":1040,"date":"2024-05-10T16:20:25","date_gmt":"2024-05-10T16:20:25","guid":{"rendered":"https:\/\/kleinfilmfestival.com\/?page_id=1040"},"modified":"2024-05-10T16:38:43","modified_gmt":"2024-05-10T16:38:43","slug":"o-nama","status":"publish","type":"page","link":"https:\/\/kleinfilmfestival.com\/en\/o-nama\/","title":{"rendered":"ABOUT US"},"content":{"rendered":"<p>We are dedicated to seek for authors and their ideas. Festival has competition and non-competition program. Our main principle is seeking for brilliant ideas and different approaches in making movies. We don`t seek for expensive movies, on high production level, instead, we will have our focus on the content of the movies.<br><br>From filmmakers to filmmakers, this is how we like to call our festival.<br><br>Puno filmova, glazbe, radionica i zabave odabire i kreira odabrana ekipa filmskih profesionalaca, a tijekom cijele godine aktivno radimo na pripremanju novog izdanja festivala. Pratite nas na dru\u0161tvenim mre\u017eama i  o\u010dekujte novosti o ovogodi\u0161njem izdanju festivala.<\/p>\n\n\n\n<div class=\"wp-block-columns is-layout-flex wp-container-core-columns-is-layout-9d6595d7 wp-block-columns-is-layout-flex\">\n<div class=\"wp-block-column is-layout-flow wp-block-column-is-layout-flow\" style=\"flex-basis:100%\"><\/div>\n<\/div>","protected":false},"excerpt":{"rendered":"<p>Posve\u0107eni smo tra\u017eenju autora i njihovih ideja. Festival ima natjecateljski i nenatjecateljski dio, a osnovni princip po kom biramo filmove i na\u0161 glavni cilj jeste da tra\u017eimo briljantne ideje i razli\u010dite pristupe u stvaranju filmova. Ne tra\u017eimo skupe filmove, na visokoj razini produkcije, umjesto toga, fokusiramo se na sadr\u017eaj filmova. Od filma\u0161a do filma\u0161a, tako [&hellip;]<\/p>","protected":false},"author":1,"featured_media":0,"parent":0,"menu_order":0,"comment_status":"closed","ping_status":"closed","template":"","meta":{"_acf_changed":false,"footnotes":""},"class_list":["post-1040","page","type-page","status-publish","hentry"],"acf":[],"_links":{"self":[{"href":"https:\/\/kleinfilmfestival.com\/en\/wp-json\/wp\/v2\/pages\/1040","targetHints":{"allow":["GET"]}}],"collection":[{"href":"https:\/\/kleinfilmfestival.com\/en\/wp-json\/wp\/v2\/pages"}],"about":[{"href":"https:\/\/kleinfilmfestival.com\/en\/wp-json\/wp\/v2\/types\/page"}],"author":[{"embeddable":true,"href":"https:\/\/kleinfilmfestival.com\/en\/wp-json\/wp\/v2\/users\/1"}],"replies":[{"embeddable":true,"href":"https:\/\/kleinfilmfestival.com\/en\/wp-json\/wp\/v2\/comments?post=1040"}],"version-history":[{"count":5,"href":"https:\/\/kleinfilmfestival.com\/en\/wp-json\/wp\/v2\/pages\/1040\/revisions"}],"predecessor-version":[{"id":1046,"href":"https:\/\/kleinfilmfestival.com\/en\/wp-json\/wp\/v2\/pages\/1040\/revisions\/1046"}],"wp:attachment":[{"href":"https:\/\/kleinfilmfestival.com\/en\/wp-json\/wp\/v2\/media?parent=1040"}],"curies":[{"name":"wp","href":"https:\/\/api.w.org\/{rel}","templated":true}]}}